{"id":54,"date":"2022-02-12T20:15:46","date_gmt":"2022-02-12T20:15:46","guid":{"rendered":"https:\/\/sindacatosli.live-website.com\/?page_id=54"},"modified":"2022-06-19T10:00:10","modified_gmt":"2022-06-19T10:00:10","slug":"chi-siamo","status":"publish","type":"page","link":"https:\/\/sindacatosli.it\/?page_id=54","title":{"rendered":"Chi Siamo"},"content":{"rendered":"\n<h2 class=\"wp-block-heading\" id=\"chi-siamo\">Chi Siamo<\/h2>\n\n\n\n<hr class=\"wp-block-separator\" id=\"1610778741\"\/>\n\n\n\n<div class=\"wp-block-group has-black-color has-luminous-vivid-amber-to-luminous-vivid-orange-gradient-background has-text-color has-background\"><div class=\"wp-block-group__inner-container is-layout-flow wp-block-group-is-layout-flow\">\n<pre class=\"wp-block-preformatted has-white-color has-text-color has-background\" style=\"background:linear-gradient(135deg,rgb(238,238,238) 0%,rgb(169,184,195) 0%)\">Il <strong>Sindacato SLI<\/strong> \u00e8 organizzazione sindacale a diffusione nazionale, intercategoriale, rappresentativa di lavoratori dipendenti e pensionati, ed ha come finalit\u00e0 la tutela e lo sviluppo delle condizioni lavorative, professionali, economiche, sociali, culturali e morali dei cittadini, fondate sulla libert\u00e0, sulla giustizia ed equit\u00e0 sociale, nel rispetto dei valori della persona e della dignit\u00e0 umana.&nbsp;\nAlla rappresentanza e alla tutela sindacale affianca una serie di servizi:\n- <strong>Assistenza fiscale (CAF<\/strong>&nbsp;per 730, ISEE, Reddito di Cittadinanza, Modello Redditi, IMU, etc. );\n- <strong>Assistenza sociale e previdenziale (Patronato<\/strong>&nbsp;per Invalidit\u00e0, Pensioni e Contributi, Invio Telematico Dimissioni, Richiesta NASPI e pratica di disoccupazione, Colf e Badanti, Sostegno al Reddito, Assegni Familiari e Assegno Unico, etc.);\n- <strong>Vertenze e&nbsp; conciliazione in sede sindacale;<\/strong>\n- Formazione per la&nbsp;<strong>Sicurezza sui Luoghi di Lavoro.<\/strong><\/pre>\n<\/div><\/div>\n\n\n<div class=\"wp-block-image\">\n<figure class=\"aligncenter size-full\"><img loading=\"lazy\" decoding=\"async\" width=\"402\" height=\"312\" src=\"https:\/\/sindacatosli.it\/wp-content\/uploads\/2022\/02\/cartolina_fronte.jpg\" alt=\"\" class=\"wp-image-142\" srcset=\"https:\/\/sindacatosli.it\/wp-content\/uploads\/2022\/02\/cartolina_fronte.jpg 402w, https:\/\/sindacatosli.it\/wp-content\/uploads\/2022\/02\/cartolina_fronte-300x233.jpg 300w\" sizes=\"auto, (max-width: 402px) 100vw, 402px\" \/><\/figure>\n<\/div>","protected":false},"excerpt":{"rendered":"<p>Chi Siamo Il Sindacato SLI \u00e8 organizzazione sindacale a diffusione nazionale, intercategoriale, rappresentativa di lavoratori dipendenti e pensionati, ed ha come finalit\u00e0 la tutela e lo sviluppo delle condizioni lavorative, professionali, economiche, sociali, culturali e morali dei cittadini, fondate sulla libert\u00e0, sulla giustizia ed equit\u00e0 sociale, nel rispetto dei valori della persona e della dignit\u00e0 [&hellip;]<\/p>\n","protected":false},"author":1,"featured_media":0,"parent":0,"menu_order":0,"comment_status":"closed","ping_status":"closed","template":"","meta":{"footnotes":""},"class_list":["post-54","page","type-page","status-publish","hentry"],"yoast_head":"<!-- This site is optimized with the Yoast SEO plugin v27.4 - https:\/\/yoast.com\/product\/yoast-seo-wordpress\/ -->\n<title>Chi Siamo - Sindacato SLI<\/title>\n<meta name=\"description\" content=\"Offriamo un servizio di elaborazione conteggi di lavoro,\u00a0da utilizzare anche in sede di giudizio o tentativo di conciliazione. Utilizziamo il software di TELECONSUL. CCNL trattati: oltre mille i contratti collettivi in banca dati,\u00a0aggiornati in tempo reale.L\u2019elaborazione comprender\u00e0: calcolo differenze salariali, ricostruzione dell&#039;orario di lavoro per l&#039;eventuale calcolo dello straordinario, ferie, permessi, ROL, mensilit\u00e0 aggiuntive (13^ - 14 ^ - etc.), altre indennit\u00e0 previste dal Ccnl applicato, TFR, interessi e rivalutazione, e copia degli istituti contrattuali di riferimento (stralcio del contratto collettivo aggiornato e tutti gli accordi eventualmente presenti per il contratto relativo alla pratica svolta).\" \/>\n<meta name=\"robots\" content=\"index, follow, max-snippet:-1, max-image-preview:large, max-video-preview:-1\" \/>\n<link rel=\"canonical\" href=\"https:\/\/sindacatosli.it\/?page_id=54\" \/>\n<meta property=\"og:locale\" content=\"it_IT\" \/>\n<meta property=\"og:type\" content=\"article\" \/>\n<meta property=\"og:title\" content=\"Chi Siamo - Sindacato SLI\" \/>\n<meta property=\"og:description\" content=\"Offriamo un servizio di elaborazione conteggi di lavoro,\u00a0da utilizzare anche in sede di giudizio o tentativo di conciliazione. Utilizziamo il software di TELECONSUL. CCNL trattati: oltre mille i contratti collettivi in banca dati,\u00a0aggiornati in tempo reale.L\u2019elaborazione comprender\u00e0: calcolo differenze salariali, ricostruzione dell&#039;orario di lavoro per l&#039;eventuale calcolo dello straordinario, ferie, permessi, ROL, mensilit\u00e0 aggiuntive (13^ - 14 ^ - etc.), altre indennit\u00e0 previste dal Ccnl applicato, TFR, interessi e rivalutazione, e copia degli istituti contrattuali di riferimento (stralcio del contratto collettivo aggiornato e tutti gli accordi eventualmente presenti per il contratto relativo alla pratica svolta).\" \/>\n<meta property=\"og:url\" content=\"https:\/\/sindacatosli.it\/?page_id=54\" \/>\n<meta property=\"og:site_name\" content=\"Sindacato SLI\" \/>\n<meta property=\"article:modified_time\" content=\"2022-06-19T10:00:10+00:00\" \/>\n<meta property=\"og:image\" content=\"https:\/\/sindacatosli.it\/wp-content\/uploads\/2022\/02\/cartolina_fronte.jpg\" \/>\n<meta name=\"twitter:card\" content=\"summary_large_image\" \/>\n<meta name=\"twitter:label1\" content=\"Tempo di lettura stimato\" \/>\n\t<meta name=\"twitter:data1\" content=\"1 minuto\" \/>\n<script type=\"application\/ld+json\" class=\"yoast-schema-graph\">{\"@context\":\"https:\\\/\\\/schema.org\",\"@graph\":[{\"@type\":\"WebPage\",\"@id\":\"https:\\\/\\\/sindacatosli.it\\\/?page_id=54\",\"url\":\"https:\\\/\\\/sindacatosli.it\\\/?page_id=54\",\"name\":\"Chi Siamo - Sindacato SLI\",\"isPartOf\":{\"@id\":\"https:\\\/\\\/sindacatosli.it\\\/#website\"},\"primaryImageOfPage\":{\"@id\":\"https:\\\/\\\/sindacatosli.it\\\/?page_id=54#primaryimage\"},\"image\":{\"@id\":\"https:\\\/\\\/sindacatosli.it\\\/?page_id=54#primaryimage\"},\"thumbnailUrl\":\"https:\\\/\\\/sindacatosli.it\\\/wp-content\\\/uploads\\\/2022\\\/02\\\/cartolina_fronte.jpg\",\"datePublished\":\"2022-02-12T20:15:46+00:00\",\"dateModified\":\"2022-06-19T10:00:10+00:00\",\"description\":\"Offriamo un servizio di elaborazione conteggi di lavoro,\u00a0da utilizzare anche in sede di giudizio o tentativo di conciliazione. Utilizziamo il software di TELECONSUL. CCNL trattati: oltre mille i contratti collettivi in banca dati,\u00a0aggiornati in tempo reale.L\u2019elaborazione comprender\u00e0: calcolo differenze salariali, ricostruzione dell'orario di lavoro per l'eventuale calcolo dello straordinario, ferie, permessi, ROL, mensilit\u00e0 aggiuntive (13^ - 14 ^ - etc.), altre indennit\u00e0 previste dal Ccnl applicato, TFR, interessi e rivalutazione, e copia degli istituti contrattuali di riferimento (stralcio del contratto collettivo aggiornato e tutti gli accordi eventualmente presenti per il contratto relativo alla pratica svolta).\",\"breadcrumb\":{\"@id\":\"https:\\\/\\\/sindacatosli.it\\\/?page_id=54#breadcrumb\"},\"inLanguage\":\"it-IT\",\"potentialAction\":[{\"@type\":\"ReadAction\",\"target\":[\"https:\\\/\\\/sindacatosli.it\\\/?page_id=54\"]}]},{\"@type\":\"ImageObject\",\"inLanguage\":\"it-IT\",\"@id\":\"https:\\\/\\\/sindacatosli.it\\\/?page_id=54#primaryimage\",\"url\":\"https:\\\/\\\/sindacatosli.it\\\/wp-content\\\/uploads\\\/2022\\\/02\\\/cartolina_fronte.jpg\",\"contentUrl\":\"https:\\\/\\\/sindacatosli.it\\\/wp-content\\\/uploads\\\/2022\\\/02\\\/cartolina_fronte.jpg\",\"width\":402,\"height\":312},{\"@type\":\"BreadcrumbList\",\"@id\":\"https:\\\/\\\/sindacatosli.it\\\/?page_id=54#breadcrumb\",\"itemListElement\":[{\"@type\":\"ListItem\",\"position\":1,\"name\":\"Home\",\"item\":\"https:\\\/\\\/sindacatosli.it\\\/\"},{\"@type\":\"ListItem\",\"position\":2,\"name\":\"Chi Siamo\"}]},{\"@type\":\"WebSite\",\"@id\":\"https:\\\/\\\/sindacatosli.it\\\/#website\",\"url\":\"https:\\\/\\\/sindacatosli.it\\\/\",\"name\":\"Sindacato SLI\",\"description\":\"Sindacato Sociale e Lavoro Insieme\",\"publisher\":{\"@id\":\"https:\\\/\\\/sindacatosli.it\\\/#organization\"},\"potentialAction\":[{\"@type\":\"SearchAction\",\"target\":{\"@type\":\"EntryPoint\",\"urlTemplate\":\"https:\\\/\\\/sindacatosli.it\\\/?s={search_term_string}\"},\"query-input\":{\"@type\":\"PropertyValueSpecification\",\"valueRequired\":true,\"valueName\":\"search_term_string\"}}],\"inLanguage\":\"it-IT\"},{\"@type\":\"Organization\",\"@id\":\"https:\\\/\\\/sindacatosli.it\\\/#organization\",\"name\":\"Sindacato SLI\",\"url\":\"https:\\\/\\\/sindacatosli.it\\\/\",\"logo\":{\"@type\":\"ImageObject\",\"inLanguage\":\"it-IT\",\"@id\":\"https:\\\/\\\/sindacatosli.it\\\/#\\\/schema\\\/logo\\\/image\\\/\",\"url\":\"https:\\\/\\\/sindacatosli.it\\\/wp-content\\\/uploads\\\/2022\\\/02\\\/cropped-0_0_0_0_200_200_csupload_29063494-2.jpg\",\"contentUrl\":\"https:\\\/\\\/sindacatosli.it\\\/wp-content\\\/uploads\\\/2022\\\/02\\\/cropped-0_0_0_0_200_200_csupload_29063494-2.jpg\",\"width\":336,\"height\":336,\"caption\":\"Sindacato SLI\"},\"image\":{\"@id\":\"https:\\\/\\\/sindacatosli.it\\\/#\\\/schema\\\/logo\\\/image\\\/\"}}]}<\/script>\n<!-- \/ Yoast SEO plugin. -->","yoast_head_json":{"title":"Chi Siamo - Sindacato SLI","description":"Offriamo un servizio di elaborazione conteggi di lavoro,\u00a0da utilizzare anche in sede di giudizio o tentativo di conciliazione. Utilizziamo il software di TELECONSUL. CCNL trattati: oltre mille i contratti collettivi in banca dati,\u00a0aggiornati in tempo reale.L\u2019elaborazione comprender\u00e0: calcolo differenze salariali, ricostruzione dell'orario di lavoro per l'eventuale calcolo dello straordinario, ferie, permessi, ROL, mensilit\u00e0 aggiuntive (13^ - 14 ^ - etc.), altre indennit\u00e0 previste dal Ccnl applicato, TFR, interessi e rivalutazione, e copia degli istituti contrattuali di riferimento (stralcio del contratto collettivo aggiornato e tutti gli accordi eventualmente presenti per il contratto relativo alla pratica svolta).","robots":{"index":"index","follow":"follow","max-snippet":"max-snippet:-1","max-image-preview":"max-image-preview:large","max-video-preview":"max-video-preview:-1"},"canonical":"https:\/\/sindacatosli.it\/?page_id=54","og_locale":"it_IT","og_type":"article","og_title":"Chi Siamo - Sindacato SLI","og_description":"Offriamo un servizio di elaborazione conteggi di lavoro,\u00a0da utilizzare anche in sede di giudizio o tentativo di conciliazione. Utilizziamo il software di TELECONSUL. CCNL trattati: oltre mille i contratti collettivi in banca dati,\u00a0aggiornati in tempo reale.L\u2019elaborazione comprender\u00e0: calcolo differenze salariali, ricostruzione dell'orario di lavoro per l'eventuale calcolo dello straordinario, ferie, permessi, ROL, mensilit\u00e0 aggiuntive (13^ - 14 ^ - etc.), altre indennit\u00e0 previste dal Ccnl applicato, TFR, interessi e rivalutazione, e copia degli istituti contrattuali di riferimento (stralcio del contratto collettivo aggiornato e tutti gli accordi eventualmente presenti per il contratto relativo alla pratica svolta).","og_url":"https:\/\/sindacatosli.it\/?page_id=54","og_site_name":"Sindacato SLI","article_modified_time":"2022-06-19T10:00:10+00:00","og_image":[{"url":"https:\/\/sindacatosli.it\/wp-content\/uploads\/2022\/02\/cartolina_fronte.jpg","type":"","width":"","height":""}],"twitter_card":"summary_large_image","twitter_misc":{"Tempo di lettura stimato":"1 minuto"},"schema":{"@context":"https:\/\/schema.org","@graph":[{"@type":"WebPage","@id":"https:\/\/sindacatosli.it\/?page_id=54","url":"https:\/\/sindacatosli.it\/?page_id=54","name":"Chi Siamo - Sindacato SLI","isPartOf":{"@id":"https:\/\/sindacatosli.it\/#website"},"primaryImageOfPage":{"@id":"https:\/\/sindacatosli.it\/?page_id=54#primaryimage"},"image":{"@id":"https:\/\/sindacatosli.it\/?page_id=54#primaryimage"},"thumbnailUrl":"https:\/\/sindacatosli.it\/wp-content\/uploads\/2022\/02\/cartolina_fronte.jpg","datePublished":"2022-02-12T20:15:46+00:00","dateModified":"2022-06-19T10:00:10+00:00","description":"Offriamo un servizio di elaborazione conteggi di lavoro,\u00a0da utilizzare anche in sede di giudizio o tentativo di conciliazione. Utilizziamo il software di TELECONSUL. CCNL trattati: oltre mille i contratti collettivi in banca dati,\u00a0aggiornati in tempo reale.L\u2019elaborazione comprender\u00e0: calcolo differenze salariali, ricostruzione dell'orario di lavoro per l'eventuale calcolo dello straordinario, ferie, permessi, ROL, mensilit\u00e0 aggiuntive (13^ - 14 ^ - etc.), altre indennit\u00e0 previste dal Ccnl applicato, TFR, interessi e rivalutazione, e copia degli istituti contrattuali di riferimento (stralcio del contratto collettivo aggiornato e tutti gli accordi eventualmente presenti per il contratto relativo alla pratica svolta).","breadcrumb":{"@id":"https:\/\/sindacatosli.it\/?page_id=54#breadcrumb"},"inLanguage":"it-IT","potentialAction":[{"@type":"ReadAction","target":["https:\/\/sindacatosli.it\/?page_id=54"]}]},{"@type":"ImageObject","inLanguage":"it-IT","@id":"https:\/\/sindacatosli.it\/?page_id=54#primaryimage","url":"https:\/\/sindacatosli.it\/wp-content\/uploads\/2022\/02\/cartolina_fronte.jpg","contentUrl":"https:\/\/sindacatosli.it\/wp-content\/uploads\/2022\/02\/cartolina_fronte.jpg","width":402,"height":312},{"@type":"BreadcrumbList","@id":"https:\/\/sindacatosli.it\/?page_id=54#breadcrumb","itemListElement":[{"@type":"ListItem","position":1,"name":"Home","item":"https:\/\/sindacatosli.it\/"},{"@type":"ListItem","position":2,"name":"Chi Siamo"}]},{"@type":"WebSite","@id":"https:\/\/sindacatosli.it\/#website","url":"https:\/\/sindacatosli.it\/","name":"Sindacato SLI","description":"Sindacato Sociale e Lavoro Insieme","publisher":{"@id":"https:\/\/sindacatosli.it\/#organization"},"potentialAction":[{"@type":"SearchAction","target":{"@type":"EntryPoint","urlTemplate":"https:\/\/sindacatosli.it\/?s={search_term_string}"},"query-input":{"@type":"PropertyValueSpecification","valueRequired":true,"valueName":"search_term_string"}}],"inLanguage":"it-IT"},{"@type":"Organization","@id":"https:\/\/sindacatosli.it\/#organization","name":"Sindacato SLI","url":"https:\/\/sindacatosli.it\/","logo":{"@type":"ImageObject","inLanguage":"it-IT","@id":"https:\/\/sindacatosli.it\/#\/schema\/logo\/image\/","url":"https:\/\/sindacatosli.it\/wp-content\/uploads\/2022\/02\/cropped-0_0_0_0_200_200_csupload_29063494-2.jpg","contentUrl":"https:\/\/sindacatosli.it\/wp-content\/uploads\/2022\/02\/cropped-0_0_0_0_200_200_csupload_29063494-2.jpg","width":336,"height":336,"caption":"Sindacato SLI"},"image":{"@id":"https:\/\/sindacatosli.it\/#\/schema\/logo\/image\/"}}]}},"_links":{"self":[{"href":"https:\/\/sindacatosli.it\/index.php?rest_route=\/wp\/v2\/pages\/54","targetHints":{"allow":["GET"]}}],"collection":[{"href":"https:\/\/sindacatosli.it\/index.php?rest_route=\/wp\/v2\/pages"}],"about":[{"href":"https:\/\/sindacatosli.it\/index.php?rest_route=\/wp\/v2\/types\/page"}],"author":[{"embeddable":true,"href":"https:\/\/sindacatosli.it\/index.php?rest_route=\/wp\/v2\/users\/1"}],"replies":[{"embeddable":true,"href":"https:\/\/sindacatosli.it\/index.php?rest_route=%2Fwp%2Fv2%2Fcomments&post=54"}],"version-history":[{"count":17,"href":"https:\/\/sindacatosli.it\/index.php?rest_route=\/wp\/v2\/pages\/54\/revisions"}],"predecessor-version":[{"id":190,"href":"https:\/\/sindacatosli.it\/index.php?rest_route=\/wp\/v2\/pages\/54\/revisions\/190"}],"wp:attachment":[{"href":"https:\/\/sindacatosli.it\/index.php?rest_route=%2Fwp%2Fv2%2Fmedia&parent=54"}],"curies":[{"name":"wp","href":"https:\/\/api.w.org\/{rel}","templated":true}]}}